{"id":1536,"date":"2024-02-13T04:04:22","date_gmt":"2024-02-13T03:04:22","guid":{"rendered":"https:\/\/peintresdupatrimoine.com\/?page_id=1536"},"modified":"2024-02-13T11:50:53","modified_gmt":"2024-02-13T10:50:53","slug":"registre_titulaires","status":"publish","type":"page","link":"https:\/\/peintresdupatrimoine.com\/el\/registre_titulaires\/","title":{"rendered":"Registre_titulaires\u00a0"},"content":{"rendered":"<table dir=\"ltr\" style=\"height: 475px;\" border=\"1\" width=\"1163\" cellspacing=\"0\" cellpadding=\"0\" data-sheets-root=\"1\">\n<colgroup>\n<col width=\"84\" \/>\n<col width=\"84\" \/>\n<col width=\"121\" \/>\n<col width=\"168\" \/>\n<col width=\"286\" \/>\n<col width=\"113\" \/>\n<col width=\"136\" \/>\n<col width=\"84\" \/>\n<col width=\"151\" \/><\/colgroup>\n<tbody>\n<tr>\n<td colspan=\"9\" rowspan=\"1\" data-sheets-value=\"{&quot;1&quot;:2,&quot;2&quot;:&quot;REGISTRE DES CERTIFIES PEINTRES DU  PATRIMOINE&quot;}\">REGISTRE DES CERTIFIES PEINTRES DU PATRIMOINE<\/td>\n<\/tr>\n<tr>\n<td data-sheets-value=\"{&quot;1&quot;:2,&quot;2&quot;:&quot;NOM&quot;}\">NOM<\/td>\n<td data-sheets-value=\"{&quot;1&quot;:2,&quot;2&quot;:&quot;PRENOMs&quot;}\">PRENOMs<\/td>\n<td data-sheets-value=\"{&quot;1&quot;:2,&quot;2&quot;:&quot;Date d'obtention&quot;}\">Date d&rsquo;obtention<\/td>\n<td data-sheets-value=\"{&quot;1&quot;:2,&quot;2&quot;:&quot;Organisme \u00e9valuateur&quot;}\">Organisme \u00e9valuateur<\/td>\n<td data-sheets-value=\"{&quot;1&quot;:2,&quot;2&quot;:&quot;Jury&quot;}\">Jury<\/td>\n<td data-sheets-value=\"{&quot;1&quot;:2,&quot;2&quot;:&quot;CP&quot;}\">CP<\/td>\n<td data-sheets-value=\"{&quot;1&quot;:2,&quot;2&quot;:&quot;a obtenu &quot;}\">a obtenu<\/td>\n<td data-sheets-value=\"{&quot;1&quot;:2,&quot;2&quot;:&quot;R\u00e9f\u00e9rentiel d'\u00e9valuation&quot;}\">R\u00e9f\u00e9rentiel d&rsquo;\u00e9valuation<\/td>\n<td data-sheets-value=\"{&quot;1&quot;:2,&quot;2&quot;:&quot;Dossier d'\u00e9valuation&quot;}\">Dossier d&rsquo;\u00e9valuation<\/td>\n<\/tr>\n<tr>\n<td data-sheets-value=\"{&quot;1&quot;:2,&quot;2&quot;:&quot;DIOUF&quot;}\">DIOUF<\/td>\n<td data-sheets-value=\"{&quot;1&quot;:2,&quot;2&quot;:&quot;Assane&quot;}\">Assane<\/td>\n<td data-sheets-value=\"{&quot;1&quot;:3,&quot;3&quot;:45564}\" data-sheets-numberformat=\"{&quot;1&quot;:5,&quot;2&quot;:&quot;M\/D\/YYYY&quot;,&quot;3&quot;:1}\">9\/29\/2024<\/td>\n<td data-sheets-value=\"{&quot;1&quot;:2,&quot;2&quot;:&quot;Artemisia \/ SES&quot;}\">Artemisia \/ SES<\/td>\n<td data-sheets-value=\"{&quot;1&quot;:2,&quot;2&quot;:&quot;Chantal Gu\u00e9rin \/ Guillaume de R\u00e9musat \/ Maurizio Sampieri&quot;}\">Chantal Gu\u00e9rin \/ Guillaume de R\u00e9musat \/ Maurizio Sampieri<\/td>\n<td data-sheets-value=\"{&quot;1&quot;:2,&quot;2&quot;:&quot;CP-PDP-FR5&quot;}\">CP-PDP-FR5<\/td>\n<td data-sheets-value=\"{&quot;1&quot;:2,&quot;2&quot;:&quot;le BC1 et le BC3&quot;}\">le BC1 et le BC3<\/td>\n<td data-sheets-value=\"{&quot;1&quot;:2,&quot;2&quot;:&quot;RE-Fr01&quot;}\">RE-Fr01<\/td>\n<td data-sheets-value=\"{&quot;1&quot;:2,&quot;2&quot;:&quot;DE-Fr01&quot;}\">DE-Fr01<\/td>\n<\/tr>\n<tr>\n<td data-sheets-value=\"{&quot;1&quot;:2,&quot;2&quot;:&quot;PACUCCI&quot;}\">PACUCCI<\/td>\n<td data-sheets-value=\"{&quot;1&quot;:2,&quot;2&quot;:&quot;Silvia&quot;}\">Silvia<\/td>\n<td data-sheets-value=\"{&quot;1&quot;:3,&quot;3&quot;:45564}\" data-sheets-numberformat=\"{&quot;1&quot;:5,&quot;2&quot;:&quot;M\/D\/YYYY&quot;,&quot;3&quot;:1}\">9\/29\/2024<\/td>\n<td data-sheets-value=\"{&quot;1&quot;:2,&quot;2&quot;:&quot;Artemisia \/ SES&quot;}\">Artemisia \/ SES<\/td>\n<td data-sheets-value=\"{&quot;1&quot;:2,&quot;2&quot;:&quot;Chantal Gu\u00e9rin \/ Guillaume de R\u00e9musat \/ Maurizio Sampieri&quot;}\">Chantal Gu\u00e9rin \/ Guillaume de R\u00e9musat \/ Maurizio Sampieri<\/td>\n<td data-sheets-value=\"{&quot;1&quot;:2,&quot;2&quot;:&quot;CP-PDP-FR5&quot;}\">CP-PDP-FR5<\/td>\n<td data-sheets-value=\"{&quot;1&quot;:2,&quot;2&quot;:&quot;le BC1 et le BC3&quot;}\">le BC1 et le BC3<\/td>\n<td data-sheets-value=\"{&quot;1&quot;:2,&quot;2&quot;:&quot;RE-Fr01&quot;}\">RE-Fr01<\/td>\n<td data-sheets-value=\"{&quot;1&quot;:2,&quot;2&quot;:&quot;DE-Fr01&quot;}\">DE-Fr01<\/td>\n<\/tr>\n<tr>\n<td data-sheets-value=\"{&quot;1&quot;:2,&quot;2&quot;:&quot;PAGEOT&quot;}\">PAGEOT<\/td>\n<td data-sheets-value=\"{&quot;1&quot;:2,&quot;2&quot;:&quot;Fabrice&quot;}\">Fabrice<\/td>\n<td data-sheets-value=\"{&quot;1&quot;:3,&quot;3&quot;:45564}\" data-sheets-numberformat=\"{&quot;1&quot;:5,&quot;2&quot;:&quot;M\/D\/YYYY&quot;,&quot;3&quot;:1}\">9\/29\/2024<\/td>\n<td data-sheets-value=\"{&quot;1&quot;:2,&quot;2&quot;:&quot;Artemisia \/ SES&quot;}\">Artemisia \/ SES<\/td>\n<td data-sheets-value=\"{&quot;1&quot;:2,&quot;2&quot;:&quot;Chantal Gu\u00e9rin \/ Guillaume de R\u00e9musat \/ Maurizio Sampieri&quot;}\">Chantal Gu\u00e9rin \/ Guillaume de R\u00e9musat \/ Maurizio Sampieri<\/td>\n<td data-sheets-value=\"{&quot;1&quot;:2,&quot;2&quot;:&quot;CP-PDP-FR5&quot;}\">CP-PDP-FR5<\/td>\n<td data-sheets-value=\"{&quot;1&quot;:2,&quot;2&quot;:&quot;le BC1 et le BC3&quot;}\">le BC1 et le BC3<\/td>\n<td data-sheets-value=\"{&quot;1&quot;:2,&quot;2&quot;:&quot;RE-Fr01&quot;}\">RE-Fr01<\/td>\n<td data-sheets-value=\"{&quot;1&quot;:2,&quot;2&quot;:&quot;DE-Fr01&quot;}\">DE-Fr01<\/td>\n<\/tr>\n<tr>\n<td data-sheets-value=\"{&quot;1&quot;:2,&quot;2&quot;:&quot;COTTUGNO&quot;}\">COTTUGNO<\/td>\n<td data-sheets-value=\"{&quot;1&quot;:2,&quot;2&quot;:&quot;Ana Rita&quot;}\">Ana Rita<\/td>\n<td data-sheets-value=\"{&quot;1&quot;:3,&quot;3&quot;:45564}\" data-sheets-numberformat=\"{&quot;1&quot;:5,&quot;2&quot;:&quot;M\/D\/YYYY&quot;,&quot;3&quot;:1}\">9\/29\/2024<\/td>\n<td data-sheets-value=\"{&quot;1&quot;:2,&quot;2&quot;:&quot;Artemisia \/ SES&quot;}\">Artemisia \/ SES<\/td>\n<td data-sheets-value=\"{&quot;1&quot;:2,&quot;2&quot;:&quot;Chantal Gu\u00e9rin \/ Guillaume de R\u00e9musat \/ Maurizio Sampieri&quot;}\">Chantal Gu\u00e9rin \/ Guillaume de R\u00e9musat \/ Maurizio Sampieri<\/td>\n<td data-sheets-value=\"{&quot;1&quot;:2,&quot;2&quot;:&quot;CP-PDP-IT5&quot;}\">CP-PDP-IT5<\/td>\n<td data-sheets-value=\"{&quot;1&quot;:2,&quot;2&quot;:&quot;le BC1 et le BC3&quot;}\">le BC1 et le BC3<\/td>\n<td data-sheets-value=\"{&quot;1&quot;:2,&quot;2&quot;:&quot;RE-Fr01&quot;}\">RE-Fr01<\/td>\n<td data-sheets-value=\"{&quot;1&quot;:2,&quot;2&quot;:&quot;DE-Fr01&quot;}\">DE-Fr01<\/td>\n<\/tr>\n<tr>\n<td data-sheets-value=\"{&quot;1&quot;:2,&quot;2&quot;:&quot;LONGO&quot;}\">LONGO<\/td>\n<td data-sheets-value=\"{&quot;1&quot;:2,&quot;2&quot;:&quot;Niccol\u00f2&quot;}\">Niccol\u00f2<\/td>\n<td data-sheets-value=\"{&quot;1&quot;:3,&quot;3&quot;:45564}\" data-sheets-numberformat=\"{&quot;1&quot;:5,&quot;2&quot;:&quot;M\/D\/YYYY&quot;,&quot;3&quot;:1}\">9\/29\/2024<\/td>\n<td data-sheets-value=\"{&quot;1&quot;:2,&quot;2&quot;:&quot;Artemisia \/ SES&quot;}\">Artemisia \/ SES<\/td>\n<td data-sheets-value=\"{&quot;1&quot;:2,&quot;2&quot;:&quot;Chantal Gu\u00e9rin \/ Guillaume de R\u00e9musat \/ Maurizio Sampieri&quot;}\">Chantal Gu\u00e9rin \/ Guillaume de R\u00e9musat \/ Maurizio Sampieri<\/td>\n<td data-sheets-value=\"{&quot;1&quot;:2,&quot;2&quot;:&quot;CP-PDP-IT5&quot;}\">CP-PDP-IT5<\/td>\n<td data-sheets-value=\"{&quot;1&quot;:2,&quot;2&quot;:&quot;le BC1 et le BC3&quot;}\">le BC1 et le BC3<\/td>\n<td data-sheets-value=\"{&quot;1&quot;:2,&quot;2&quot;:&quot;RE-Fr01&quot;}\">RE-Fr01<\/td>\n<td data-sheets-value=\"{&quot;1&quot;:2,&quot;2&quot;:&quot;DE-Fr01&quot;}\">DE-Fr01<\/td>\n<\/tr>\n<tr>\n<td data-sheets-value=\"{&quot;1&quot;:2,&quot;2&quot;:&quot;BOURGEOIS&quot;}\">BOURGEOIS<\/td>\n<td data-sheets-value=\"{&quot;1&quot;:2,&quot;2&quot;:&quot;L\u00e9o&quot;}\">L\u00e9o<\/td>\n<td data-sheets-value=\"{&quot;1&quot;:3,&quot;3&quot;:45564}\" data-sheets-numberformat=\"{&quot;1&quot;:5,&quot;2&quot;:&quot;M\/D\/YYYY&quot;,&quot;3&quot;:1}\">9\/29\/2024<\/td>\n<td data-sheets-value=\"{&quot;1&quot;:2,&quot;2&quot;:&quot;Artemisia \/ SES&quot;}\">Artemisia \/ SES<\/td>\n<td data-sheets-value=\"{&quot;1&quot;:2,&quot;2&quot;:&quot;Chantal Gu\u00e9rin \/ Guillaume de R\u00e9musat \/ Maurizio Sampieri&quot;}\">Chantal Gu\u00e9rin \/ Guillaume de R\u00e9musat \/ Maurizio Sampieri<\/td>\n<td data-sheets-value=\"{&quot;1&quot;:2,&quot;2&quot;:&quot;CP-PDP-IT5&quot;}\">CP-PDP-IT5<\/td>\n<td data-sheets-value=\"{&quot;1&quot;:2,&quot;2&quot;:&quot;le BC1 &quot;}\">le BC1<\/td>\n<td data-sheets-value=\"{&quot;1&quot;:2,&quot;2&quot;:&quot;RE-Fr01&quot;}\">RE-Fr01<\/td>\n<td data-sheets-value=\"{&quot;1&quot;:2,&quot;2&quot;:&quot;DE-Fr01&quot;}\">DE-Fr01<\/td>\n<\/tr>\n<tr>\n<td data-sheets-value=\"{&quot;1&quot;:2,&quot;2&quot;:&quot;HALLEUX&quot;}\">HALLEUX<\/td>\n<td data-sheets-value=\"{&quot;1&quot;:2,&quot;2&quot;:&quot;Emelyn&quot;}\">Emelyn<\/td>\n<td data-sheets-value=\"{&quot;1&quot;:3,&quot;3&quot;:45564}\" data-sheets-numberformat=\"{&quot;1&quot;:5,&quot;2&quot;:&quot;M\/D\/YYYY&quot;,&quot;3&quot;:1}\">9\/29\/2024<\/td>\n<td data-sheets-value=\"{&quot;1&quot;:2,&quot;2&quot;:&quot;Artemisia \/ SES&quot;}\">Artemisia \/ SES<\/td>\n<td data-sheets-value=\"{&quot;1&quot;:2,&quot;2&quot;:&quot;Chantal Gu\u00e9rin \/ Guillaume de R\u00e9musat \/ Maurizio Sampieri&quot;}\">Chantal Gu\u00e9rin \/ Guillaume de R\u00e9musat \/ Maurizio Sampieri<\/td>\n<td data-sheets-value=\"{&quot;1&quot;:2,&quot;2&quot;:&quot;CP-PDP-IT5&quot;}\">CP-PDP-IT5<\/td>\n<td data-sheets-value=\"{&quot;1&quot;:2,&quot;2&quot;:&quot;le BC1  &quot;}\">le BC1<\/td>\n<td data-sheets-value=\"{&quot;1&quot;:2,&quot;2&quot;:&quot;RE-Fr01&quot;}\">RE-Fr01<\/td>\n<td data-sheets-value=\"{&quot;1&quot;:2,&quot;2&quot;:&quot;DE-Fr01&quot;}\">DE-Fr01<\/td>\n<\/tr>\n<tr>\n<td data-sheets-value=\"{&quot;1&quot;:2,&quot;2&quot;:&quot;THUNUS&quot;}\">THUNUS<\/td>\n<td data-sheets-value=\"{&quot;1&quot;:2,&quot;2&quot;:&quot;Fr\u00e9d\u00e9ric&quot;}\">Fr\u00e9d\u00e9ric<\/td>\n<td data-sheets-value=\"{&quot;1&quot;:3,&quot;3&quot;:45564}\" data-sheets-numberformat=\"{&quot;1&quot;:5,&quot;2&quot;:&quot;M\/D\/YYYY&quot;,&quot;3&quot;:1}\">9\/29\/2024<\/td>\n<td data-sheets-value=\"{&quot;1&quot;:2,&quot;2&quot;:&quot;Artemisia \/ SES&quot;}\">Artemisia \/ SES<\/td>\n<td data-sheets-value=\"{&quot;1&quot;:2,&quot;2&quot;:&quot;Chantal Gu\u00e9rin \/ Guillaume de R\u00e9musat \/ Maurizio Sampieri&quot;}\">Chantal Gu\u00e9rin \/ Guillaume de R\u00e9musat \/ Maurizio Sampieri<\/td>\n<td data-sheets-value=\"{&quot;1&quot;:2,&quot;2&quot;:&quot;CP-PDP-IT5&quot;}\">CP-PDP-IT5<\/td>\n<td data-sheets-value=\"{&quot;1&quot;:2,&quot;2&quot;:&quot;le BC1  &quot;}\">le BC1<\/td>\n<td data-sheets-value=\"{&quot;1&quot;:2,&quot;2&quot;:&quot;RE-Fr01&quot;}\">RE-Fr01<\/td>\n<td data-sheets-value=\"{&quot;1&quot;:2,&quot;2&quot;:&quot;DE-Fr01&quot;}\">DE-Fr01<\/td>\n<\/tr>\n<\/tbody>\n<\/table>","protected":false},"excerpt":{"rendered":"<p>REGISTRE DES CERTIFIES PEINTRES DU PATRIMOINE NOM PRENOMs Date d&rsquo;obtention Organisme \u00e9valuateur Jury CP a obtenu R\u00e9f\u00e9rentiel d&rsquo;\u00e9valuation Dossier d&rsquo;\u00e9valuation DIOUF Assane 9\/29\/2024 Artemisia \/ SES Chantal Gu\u00e9rin \/ Guillaume de R\u00e9musat \/ Maurizio Sampieri CP-PDP-FR5 le BC1 et le BC3 RE-Fr01 DE-Fr01 PACUCCI Silvia 9\/29\/2024 Artemisia \/ SES Chantal&#8230;<\/p>\n<p><a class=\"more-link\" href=\"https:\/\/peintresdupatrimoine.com\/el\/registre_titulaires\/#more-1536\">\u0394\u03b9\u03b1\u03b2\u03ac\u03c3\u03c4\u03b5 \u03c0\u03b5\u03c1\u03b9\u03c3\u03c3\u03cc\u03c4\u03b5\u03c1\u03b1<\/a><\/p>","protected":false},"author":1,"featured_media":0,"parent":0,"menu_order":0,"comment_status":"closed","ping_status":"closed","template":"","meta":{"footnotes":""},"class_list":["post-1536","page","type-page","status-publish","hentry"],"_links":{"self":[{"href":"https:\/\/peintresdupatrimoine.com\/el\/wp-json\/wp\/v2\/pages\/1536","targetHints":{"allow":["GET"]}}],"collection":[{"href":"https:\/\/peintresdupatrimoine.com\/el\/wp-json\/wp\/v2\/pages"}],"about":[{"href":"https:\/\/peintresdupatrimoine.com\/el\/wp-json\/wp\/v2\/types\/page"}],"author":[{"embeddable":true,"href":"https:\/\/peintresdupatrimoine.com\/el\/wp-json\/wp\/v2\/users\/1"}],"replies":[{"embeddable":true,"href":"https:\/\/peintresdupatrimoine.com\/el\/wp-json\/wp\/v2\/comments?post=1536"}],"version-history":[{"count":6,"href":"https:\/\/peintresdupatrimoine.com\/el\/wp-json\/wp\/v2\/pages\/1536\/revisions"}],"predecessor-version":[{"id":1564,"href":"https:\/\/peintresdupatrimoine.com\/el\/wp-json\/wp\/v2\/pages\/1536\/revisions\/1564"}],"wp:attachment":[{"href":"https:\/\/peintresdupatrimoine.com\/el\/wp-json\/wp\/v2\/media?parent=1536"}],"curies":[{"name":"wp","href":"https:\/\/api.w.org\/{rel}","templated":true}]}}