{"id":1544,"date":"2024-02-13T04:20:39","date_gmt":"2024-02-13T03:20:39","guid":{"rendered":"https:\/\/peintresdupatrimoine.com\/?page_id=1544"},"modified":"2024-02-13T11:52:48","modified_gmt":"2024-02-13T10:52:48","slug":"tableau_equivalences","status":"publish","type":"page","link":"https:\/\/peintresdupatrimoine.com\/el\/tableau_equivalences\/","title":{"rendered":"tableau_equivalences\u00a0"},"content":{"rendered":"<table dir=\"ltr\" style=\"height: 680px;\" border=\"1\" width=\"1180\" cellspacing=\"0\" cellpadding=\"0\" data-sheets-root=\"1\">\n<colgroup>\n<col width=\"141\" \/>\n<col width=\"221\" \/>\n<col width=\"215\" \/>\n<col width=\"134\" \/>\n<col width=\"166\" \/>\n<col width=\"263\" \/>\n<col width=\"271\" \/>\n<col width=\"170\" \/>\n<col width=\"121\" \/>\n<col width=\"167\" \/>\n<col width=\"90\" \/><\/colgroup>\n<tbody>\n<tr>\n<td colspan=\"11\" rowspan=\"1\" data-sheets-value=\"{&quot;1&quot;:2,&quot;2&quot;:&quot;Tableau des accords d'aquivalence des Certifciations professionnelles des Peintres du Patrimoine B\u00e2ti CP-PdP&quot;}\">Tableau des accords d&rsquo;aquivalence des Certifciations professionnelles des Peintres du Patrimoine B\u00e2ti CP-PdP<\/td>\n<\/tr>\n<tr>\n<td data-sheets-value=\"{&quot;1&quot;:2,&quot;2&quot;:&quot;Code (type de convention)&quot;}\">Code (type de convention)<\/td>\n<td data-sheets-value=\"{&quot;1&quot;:2,&quot;2&quot;:&quot;Organismes signataires&quot;}\">Organismes signataires<\/td>\n<td data-sheets-value=\"{&quot;1&quot;:2,&quot;2&quot;:&quot;Date de signature et validit\u00e9&quot;}\">Date de signature et validit\u00e9<\/td>\n<td data-sheets-value=\"{&quot;1&quot;:2,&quot;2&quot;:&quot;Version CP PDB&quot;}\">Version CP PDB<\/td>\n<td data-sheets-value=\"{&quot;1&quot;:2,&quot;2&quot;:&quot;Autorit\u00e9 de certification&quot;}\">Autorit\u00e9 de certification<\/td>\n<td data-sheets-value=\"{&quot;1&quot;:2,&quot;2&quot;:&quot;Intitul\u00e9 officiel de la certification&quot;}\">Intitul\u00e9 officiel de la certification<\/td>\n<td data-sheets-value=\"{&quot;1&quot;:2,&quot;2&quot;:&quot;Certification reconnue par&quot;}\">Certification reconnue par<\/td>\n<td data-sheets-value=\"{&quot;1&quot;:2,&quot;2&quot;:&quot;R\u00e9f\u00e9rentiel d'\u00e9valuation&quot;}\">R\u00e9f\u00e9rentiel d&rsquo;\u00e9valuation<\/td>\n<td data-sheets-value=\"{&quot;1&quot;:2,&quot;2&quot;:&quot;Equivalence portant sur&quot;}\">Equivalence portant sur<\/td>\n<td data-sheets-value=\"{&quot;1&quot;:2,&quot;2&quot;:&quot;Cadre d'\u00e9valuation( qui \u00e9dicte les r\u00e8gles d'\u00e9valuation)&quot;}\">Cadre d&rsquo;\u00e9valuation( qui \u00e9dicte les r\u00e8gles d&rsquo;\u00e9valuation)<\/td>\n<td data-sheets-value=\"{&quot;1&quot;:2,&quot;2&quot;:&quot;Derni\u00e8re mise \u00e0 jour&quot;}\">Derni\u00e8re mise \u00e0 jour<\/td>\n<\/tr>\n<tr>\n<td data-sheets-value=\"{&quot;1&quot;:2,&quot;2&quot;:&quot;CB01a&quot;}\">CB01a<\/td>\n<td data-sheets-value=\"{&quot;1&quot;:2,&quot;2&quot;:&quot;Artemisia &quot;}\">\u03b1\u03c1\u03c4\u03b5\u03bc\u03af\u03c3\u03b9\u03b1<\/td>\n<td data-sheets-value=\"{&quot;1&quot;:2,&quot;2&quot;:&quot;20231213 \/ validit\u00e9 de 5 ans renouvelable par tacite reconduction&quot;}\">20231213 \/ validit\u00e9 de 5 ans renouvelable par tacite reconduction<\/td>\n<td data-sheets-value=\"{&quot;1&quot;:2,&quot;2&quot;:&quot;CP-PDB-FR4&quot;}\">CP-PDB-FR4<\/td>\n<td data-sheets-value=\"{&quot;1&quot;:2,&quot;2&quot;:&quot;France comp\u00e9tences&quot;}\">France comp\u00e9tences<\/td>\n<td data-sheets-value=\"{&quot;1&quot;:2,&quot;2&quot;:&quot;certification professionnelle de Peintre en mati\u00e8res et d\u00e9cors du patrimoine b\u00e2ti&quot;}\">certification professionnelle de Peintre en mati\u00e8res et d\u00e9cors du patrimoine b\u00e2ti<\/td>\n<td data-sheets-value=\"{&quot;1&quot;:2,&quot;2&quot;:&quot;Artemisia (en attente de validation par France Comp\u00e9tences)&quot;}\">Artemisia (en attente de validation par France Comp\u00e9tences)<\/td>\n<td data-sheets-value=\"{&quot;1&quot;:2,&quot;2&quot;:&quot;RE-FR4-01&quot;}\">RE-FR4-01<\/td>\n<td data-sheets-value=\"{&quot;1&quot;:2,&quot;2&quot;:&quot;le CP-PDB-4 entier&quot;}\">le CP-PDB-4 entier<\/td>\n<td data-sheets-value=\"{&quot;1&quot;:2,&quot;2&quot;:&quot;Artemisia&quot;}\">\u03b1\u03c1\u03c4\u03b5\u03bc\u03af\u03c3\u03b9\u03b1<\/td>\n<td data-sheets-value=\"{&quot;1&quot;:3,&quot;3&quot;:45280}\" data-sheets-numberformat=\"{&quot;1&quot;:5,&quot;2&quot;:&quot;M\/D\/YYYY&quot;,&quot;3&quot;:1}\">12\/20\/2023<\/td>\n<\/tr>\n<tr>\n<td data-sheets-value=\"{&quot;1&quot;:2,&quot;2&quot;:&quot;CB01b&quot;}\">CB01b<\/td>\n<td data-sheets-value=\"{&quot;1&quot;:2,&quot;2&quot;:&quot;Scuole Edile di Siena - CPT&quot;}\">Scuole Edile di Siena &#8211; CPT<\/td>\n<td data-sheets-value=\"{&quot;1&quot;:2,&quot;2&quot;:&quot;20231213 \/ validit\u00e9 de 5 ans renouvelable par tacite reconduction&quot;}\">20231213 \/ validit\u00e9 de 5 ans renouvelable par tacite reconduction<\/td>\n<td data-sheets-value=\"{&quot;1&quot;:2,&quot;2&quot;:&quot;CP-PDB-IT4&quot;}\">CP-PDB-IT4<\/td>\n<td data-sheets-value=\"{&quot;1&quot;:2,&quot;2&quot;:&quot;R\u00e9gion Toscane&quot;}\">R\u00e9gion Toscane<\/td>\n<td data-sheets-value=\"{&quot;1&quot;:2,&quot;2&quot;:&quot;Tecnico\/a della\\ndecorazione delle\\ncostruzioni con pitture\\nstucchi e finiture di\\npregio&quot;}\">Tecnico\/a della<br \/>\ndecorazione delle<br \/>\ncostruzioni con pitture<br \/>\nstucchi e finiture di<br \/>\npregio<\/td>\n<td data-sheets-value=\"{&quot;1&quot;:2,&quot;2&quot;:&quot;Scuola Edile di Siena (en attente de validation par la R\u00e9gion Toscane)&quot;}\">Scuola Edile di Siena (en attente de validation par la R\u00e9gion Toscane)<\/td>\n<td data-sheets-value=\"{&quot;1&quot;:2,&quot;2&quot;:&quot;RE -IT01&quot;}\">RE -IT01<\/td>\n<td data-sheets-value=\"{&quot;1&quot;:2,&quot;2&quot;:&quot;le CP-PDB-4 entier&quot;}\">le CP-PDB-4 entier<\/td>\n<td data-sheets-value=\"{&quot;1&quot;:2,&quot;2&quot;:&quot;R\u00e9gion Toscane&quot;}\">R\u00e9gion Toscane<\/td>\n<td data-sheets-value=\"{&quot;1&quot;:3,&quot;3&quot;:45280}\" data-sheets-numberformat=\"{&quot;1&quot;:5,&quot;2&quot;:&quot;M\/D\/YYYY&quot;,&quot;3&quot;:1}\">12\/20\/2023<\/td>\n<\/tr>\n<tr>\n<td data-sheets-value=\"{&quot;1&quot;:2,&quot;2&quot;:&quot;CB01c&quot;}\">CB01c<\/td>\n<td data-sheets-value=\"{&quot;1&quot;:2,&quot;2&quot;:&quot;IFAPME&quot;}\">IFAPME<\/td>\n<td data-sheets-value=\"{&quot;1&quot;:2,&quot;2&quot;:&quot;projet 2024&quot;}\">projet 2024<\/td>\n<td data-sheets-value=\"{&quot;1&quot;:2,&quot;2&quot;:&quot;CP-PDB-BE4&quot;}\">CP-PDB-BE4<\/td>\n<td data-sheets-value=\"{&quot;1&quot;:2,&quot;2&quot;:&quot;IFAPME&quot;}\">IFAPME<\/td>\n<td data-sheets-value=\"{&quot;1&quot;:2,&quot;2&quot;:&quot;Peintre du patrimoine&quot;}\">Peintre du patrimoine<\/td>\n<td data-sheets-value=\"{&quot;1&quot;:2,&quot;2&quot;:&quot;IFAPME (projet)&quot;}\">IFAPME (projet)<\/td>\n<td data-sheets-value=\"{&quot;1&quot;:2,&quot;2&quot;:&quot;RE-BE01&quot;}\">RE-BE01<\/td>\n<td data-sheets-value=\"{&quot;1&quot;:2,&quot;2&quot;:&quot;le CP-PDB-4 entier&quot;}\">le CP-PDB-4 entier<\/td>\n<td data-sheets-value=\"{&quot;1&quot;:2,&quot;2&quot;:&quot;IFAPME&quot;}\">IFAPME<\/td>\n<td data-sheets-value=\"{&quot;1&quot;:3,&quot;3&quot;:45280}\" data-sheets-numberformat=\"{&quot;1&quot;:5,&quot;2&quot;:&quot;M\/D\/YYYY&quot;,&quot;3&quot;:1}\">12\/20\/2023<\/td>\n<\/tr>\n<tr>\n<td data-sheets-value=\"{&quot;1&quot;:2,&quot;2&quot;:&quot;CB02a&quot;}\">CB02a<\/td>\n<td data-sheets-value=\"{&quot;1&quot;:2,&quot;2&quot;:&quot;Artemisia &quot;}\">\u03b1\u03c1\u03c4\u03b5\u03bc\u03af\u03c3\u03b9\u03b1<\/td>\n<td data-sheets-value=\"{&quot;1&quot;:2,&quot;2&quot;:&quot;projet 2024&quot;}\">projet 2024<\/td>\n<td data-sheets-value=\"{&quot;1&quot;:2,&quot;2&quot;:&quot;CP-PDB-FR3&quot;}\">CP-PDB-FR3<\/td>\n<td data-sheets-value=\"{&quot;1&quot;:2,&quot;2&quot;:&quot;France Comp\u00e9tences&quot;}\">France Comp\u00e9tences<\/td>\n<td data-sheets-value=\"{&quot;1&quot;:2,&quot;2&quot;:&quot;Peintre en finitions&quot;}\">Peintre en finitions<\/td>\n<td data-sheets-value=\"{&quot;1&quot;:2,&quot;2&quot;:&quot;Artemisia  &quot;}\">\u03b1\u03c1\u03c4\u03b5\u03bc\u03af\u03c3\u03b9\u03b1<\/td>\n<td data-sheets-value=\"{&quot;1&quot;:2,&quot;2&quot;:&quot;RE-FR3-01&quot;}\">RE-FR3-01<\/td>\n<td data-sheets-value=\"{&quot;1&quot;:2,&quot;2&quot;:&quot;BC 1, 3 et 4&quot;}\">BC 1, 3 et 4<\/td>\n<td data-sheets-value=\"{&quot;1&quot;:2,&quot;2&quot;:&quot;Artemisia&quot;}\">\u03b1\u03c1\u03c4\u03b5\u03bc\u03af\u03c3\u03b9\u03b1<\/td>\n<td data-sheets-value=\"{&quot;1&quot;:3,&quot;3&quot;:45280}\" data-sheets-numberformat=\"{&quot;1&quot;:5,&quot;2&quot;:&quot;M\/D\/YYYY&quot;,&quot;3&quot;:1}\">12\/20\/2023<\/td>\n<\/tr>\n<tr>\n<td data-sheets-value=\"{&quot;1&quot;:2,&quot;2&quot;:&quot;CB02b&quot;}\">CB02b<\/td>\n<td data-sheets-value=\"{&quot;1&quot;:2,&quot;2&quot;:&quot;IFAPME&quot;}\">IFAPME<\/td>\n<td data-sheets-value=\"{&quot;1&quot;:2,&quot;2&quot;:&quot;projet 2024&quot;}\">projet 2024<\/td>\n<td data-sheets-value=\"{&quot;1&quot;:2,&quot;2&quot;:&quot;CP-PDB-BE3&quot;}\">CP-PDB-BE3<\/td>\n<td data-sheets-value=\"{&quot;1&quot;:2,&quot;2&quot;:&quot;IFAPME&quot;}\">IFAPME<\/td>\n<td data-sheets-value=\"{&quot;1&quot;:2,&quot;2&quot;:&quot;Peintre d\u00e9corateur&quot;}\">Peintre d\u00e9corateur<\/td>\n<td data-sheets-value=\"{&quot;1&quot;:2,&quot;2&quot;:&quot;IFAPME  &quot;}\">IFAPME<\/td>\n<td data-sheets-value=\"{&quot;1&quot;:2,&quot;2&quot;:&quot;RE-BE3-01&quot;}\">RE-BE3-01<\/td>\n<td data-sheets-value=\"{&quot;1&quot;:2,&quot;2&quot;:&quot;UC1 et 2&quot;}\">UC1 et 2<\/td>\n<td data-sheets-value=\"{&quot;1&quot;:2,&quot;2&quot;:&quot;IFAPME&quot;}\">IFAPME<\/td>\n<td data-sheets-value=\"{&quot;1&quot;:3,&quot;3&quot;:45280}\" data-sheets-numberformat=\"{&quot;1&quot;:5,&quot;2&quot;:&quot;M\/D\/YYYY&quot;,&quot;3&quot;:1}\">12\/20\/2023<\/td>\n<\/tr>\n<\/tbody>\n<\/table>","protected":false},"excerpt":{"rendered":"<p>Tableau des accords d&rsquo;aquivalence des Certifciations professionnelles des Peintres du Patrimoine B\u00e2ti CP-PdP Code (type de convention) Organismes signataires Date de signature et validit\u00e9 Version CP PDB Autorit\u00e9 de certification Intitul\u00e9 officiel de la certification Certification reconnue par R\u00e9f\u00e9rentiel d&rsquo;\u00e9valuation Equivalence portant sur Cadre d&rsquo;\u00e9valuation( qui \u00e9dicte les r\u00e8gles d&rsquo;\u00e9valuation)&#8230;<\/p>\n<p><a class=\"more-link\" href=\"https:\/\/peintresdupatrimoine.com\/el\/tableau_equivalences\/#more-1544\">\u0394\u03b9\u03b1\u03b2\u03ac\u03c3\u03c4\u03b5 \u03c0\u03b5\u03c1\u03b9\u03c3\u03c3\u03cc\u03c4\u03b5\u03c1\u03b1<\/a><\/p>","protected":false},"author":1,"featured_media":0,"parent":0,"menu_order":0,"comment_status":"closed","ping_status":"closed","template":"","meta":{"footnotes":""},"class_list":["post-1544","page","type-page","status-publish","hentry"],"_links":{"self":[{"href":"https:\/\/peintresdupatrimoine.com\/el\/wp-json\/wp\/v2\/pages\/1544","targetHints":{"allow":["GET"]}}],"collection":[{"href":"https:\/\/peintresdupatrimoine.com\/el\/wp-json\/wp\/v2\/pages"}],"about":[{"href":"https:\/\/peintresdupatrimoine.com\/el\/wp-json\/wp\/v2\/types\/page"}],"author":[{"embeddable":true,"href":"https:\/\/peintresdupatrimoine.com\/el\/wp-json\/wp\/v2\/users\/1"}],"replies":[{"embeddable":true,"href":"https:\/\/peintresdupatrimoine.com\/el\/wp-json\/wp\/v2\/comments?post=1544"}],"version-history":[{"count":8,"href":"https:\/\/peintresdupatrimoine.com\/el\/wp-json\/wp\/v2\/pages\/1544\/revisions"}],"predecessor-version":[{"id":1567,"href":"https:\/\/peintresdupatrimoine.com\/el\/wp-json\/wp\/v2\/pages\/1544\/revisions\/1567"}],"wp:attachment":[{"href":"https:\/\/peintresdupatrimoine.com\/el\/wp-json\/wp\/v2\/media?parent=1544"}],"curies":[{"name":"wp","href":"https:\/\/api.w.org\/{rel}","templated":true}]}}